{"id":4023,"date":"2021-03-26T10:58:12","date_gmt":"2021-03-26T09:58:12","guid":{"rendered":"https:\/\/partners.direct-booker.com\/uvjeti-poslovanja\/"},"modified":"2021-03-27T20:32:10","modified_gmt":"2021-03-27T19:32:10","slug":"uvjeti-poslovanja","status":"publish","type":"page","link":"https:\/\/partners.direct-booker.com\/hr\/uvjeti-poslovanja\/","title":{"rendered":"Uvjeti Poslovanja"},"content":{"rendered":"<div class=\"flex_column av_one_full  flex_column_div av-zero-column-padding first  avia-builder-el-0  avia-builder-el-no-sibling  \" style='border-radius:0px; '><section class=\"av_textblock_section \"  itemscope=\"itemscope\" itemtype=\"https:\/\/schema.org\/CreativeWork\" ><div class='avia_textblock  '   itemprop=\"text\" ><h1><span style=\"font-weight: 800;\">Uvjeti Poslovanja<\/span><\/h1>\n<div  style='height:30px' class='hr hr-invisible   avia-builder-el-2  el_before_av_hr  avia-builder-el-first '><span class='hr-inner ' ><span class='hr-inner-style'><\/span><\/span><\/div>\n<h2><b>Prihva\u0107anje uvjeta<\/b><\/h2>\n<p><span style=\"font-weight: 400;\">Ova web stranica, kao i njezine poddomene i popratni tiskani materijali (u daljnjem tekstu: web-mjesto) je u posjedu firme DIRECT BOOKER d.o.o. Vukovarska 9, 20000 DUBROVNIK, OIB: 60894893161, ID kod HR-AB-20- 19010104589 (u daljnjem tekstu DIRECT BOOKER). Kori\u0161tenjem ove stranice, tj. bilo koje usluge, proizvoda ili informacija sadr\u017eanih u njoj, prihva\u0107ate ove odredbe i uvjete kori\u0161tenja i druge obavijesti ovdje objavljene. Ako se ne sla\u017eete s gore navedenim obavezama servisa, nemojte ga koristiti.<\/span><\/p>\n<div  style='height:30px' class='hr hr-invisible   avia-builder-el-3  el_after_av_hr  el_before_av_hr '><span class='hr-inner ' ><span class='hr-inner-style'><\/span><\/span><\/div>\n<h2><b>To\u010dnost i pouzdanost podataka<\/b><\/h2>\n<p><span style=\"font-weight: 400;\">DIRECT BOOKER se obvezuje poduzeti sve potrebne mjere u vezi s pru\u017eanjem to\u010dnih i visoko kvalitetnih informacija i ne odgovara u vezi neto\u010dnih informacija poslovnih partnera u vezi s njihovim promotivnim materijalima. Poslovni partner, tj. davatelj odre\u0111ene usluge na web stranici, vlasnik je ili ovla\u0161teni predstavnik vlasnika ogla\u0161enog objekta \/ turisti\u010dke usluge i kao takav ima svu potrebnu dokumentaciju za poslovanje. Poslovni partner, tj. davatelj odre\u0111ene usluge na web mjestu, du\u017ean je pru\u017eiti to\u010dne i istinite informacije o svojim uslugama i jam\u010diti njihovu sigurnost, kvalitetu i zakonitost. Za sve eventualne izmjene treba se odmah obavijestiti vlasnika web stranice.<\/span><\/p>\n<div  style='height:30px' class='hr hr-invisible   avia-builder-el-4  el_after_av_hr  el_before_av_hr '><span class='hr-inner ' ><span class='hr-inner-style'><\/span><\/span><\/div>\n<h2><b>Pravo isklju\u010divanja<\/b><\/h2>\n<p><span style=\"font-weight: 400;\">Ako naknada za navedene usluge nije izvr\u0161ena, ili ako je materijal koji \u0161aljete u sukobu sa zakonom ili ako procijenimoda tre\u0107e strane nanose bilo kakvu \u0161tetu, pridr\u017eavamo pravo ukloniti web mjesto i sadr\u017eaj s web mjesta bez daljnjeg obja\u0161njenja i bez ikakve obveze. U slu\u010daju da korisnik web mjesta kr\u0161i Uvjete poslovanja i tako na bilo koji na\u010din o\u0161teti vlasnika web mjesta ili druge ogla\u0161iva\u010de, pridr\u017eavamo pravo ukloniti stranicu bez dodatnih obja\u0161njenja i bez ikakve obveze.<\/span><\/p>\n<p><b>Pravilo Odgovornosti<\/b><\/p>\n<p><span style=\"font-weight: 400;\">DIRECT BOOKER nastupa kao posrednik u rezerviranju smje\u0161tajnih jedinica izme\u0111u gosta i iznajmljiva\u010da.<\/span><\/p>\n<p><span style=\"font-weight: 400;\">DIRECT BOOKER na bilo koji na\u010din nije odgovoran za \u0161tetu koju bi pretrpio gost ili osoba povezana sa istim ili pak glede stvari\/predmeta u vlasni\u0161tvu ili posjedu gosta (bilo da je \u0161teta prouzro\u010dena u odnosu spram imovine ili integriteta\/zdravlja gosta, i to bez obzira na uzrok i izvor \u0161tete).<\/span><\/p>\n<p><span style=\"font-weight: 400;\">Koriste\u0107i ovo web mjesto korisnik je upoznat s posredni\u010dkom ulogom DIRECT BOOKER-a kao i s pravilom odricanja odgovornosti DIRECT BOOKER-a te se odri\u010de svakog prava potra\u017eivanja te i takve naknade \u0161tete spram DIRECT BOOKER-a.<\/span><\/p>\n<div  style='height:30px' class='hr hr-invisible   avia-builder-el-5  el_after_av_hr  avia-builder-el-last '><span class='hr-inner ' ><span class='hr-inner-style'><\/span><\/span><\/div>\n<h2><b>Izmjena Uvjeta Poslovanja<\/b><\/h2>\n<p><span style=\"font-weight: 400;\">Zadr\u017eavamo pravo izmijeniti Uvjete poslovanja kao i ostale uvjete bez prethodne najave ili obavijesti, a sve u svrhu kako bismo pove\u0107ali kvalitetu web mjesta.<\/span><\/p>\n<p><span style=\"font-weight: 400;\">Za sve informacije u vezi ovih Uvjeta poslovanja, molimo vas da nas kontaktirate na slijede\u0107i email: <\/span><span style=\"color: #fb6b41;\"><span style=\"font-weight: 400;\">info@direct-booker.com<\/span><\/span><span style=\"font-weight: 400;\"> ili na:<\/span><\/p>\n<p><b>DIRECT BOOKER d.o.o., putni\u010dka agencija<\/b><\/p>\n<p><span style=\"font-weight: 400;\">Vukovarska 9, 20000 Dubrovnik, Hrvatska<\/span><br \/>\n<span style=\"font-weight: 400;\">OIB: 60894893161, ID kod: HR-AB-20-19010104589<\/span><br \/>\n<span style=\"font-weight: 400;\">Tel.: +385 (0) 20 638 194, Fax.: +385 (0) 20 638 197<\/span><\/p>\n<\/div><\/section><\/div>\n","protected":false},"excerpt":{"rendered":"","protected":false},"author":1,"featured_media":0,"parent":0,"menu_order":8,"comment_status":"closed","ping_status":"closed","template":"","meta":[],"_links":{"self":[{"href":"https:\/\/partners.direct-booker.com\/hr\/wp-json\/wp\/v2\/pages\/4023"}],"collection":[{"href":"https:\/\/partners.direct-booker.com\/hr\/wp-json\/wp\/v2\/pages"}],"about":[{"href":"https:\/\/partners.direct-booker.com\/hr\/wp-json\/wp\/v2\/types\/page"}],"author":[{"embeddable":true,"href":"https:\/\/partners.direct-booker.com\/hr\/wp-json\/wp\/v2\/users\/1"}],"replies":[{"embeddable":true,"href":"https:\/\/partners.direct-booker.com\/hr\/wp-json\/wp\/v2\/comments?post=4023"}],"version-history":[{"count":4,"href":"https:\/\/partners.direct-booker.com\/hr\/wp-json\/wp\/v2\/pages\/4023\/revisions"}],"predecessor-version":[{"id":4093,"href":"https:\/\/partners.direct-booker.com\/hr\/wp-json\/wp\/v2\/pages\/4023\/revisions\/4093"}],"wp:attachment":[{"href":"https:\/\/partners.direct-booker.com\/hr\/wp-json\/wp\/v2\/media?parent=4023"}],"curies":[{"name":"wp","href":"https:\/\/api.w.org\/{rel}","templated":true}]}}