{"id":4005,"date":"2021-03-26T10:32:49","date_gmt":"2021-03-26T09:32:49","guid":{"rendered":"https:\/\/partners.direct-booker.com\/kolacici\/"},"modified":"2021-03-27T20:33:59","modified_gmt":"2021-03-27T19:33:59","slug":"kolacici","status":"publish","type":"page","link":"https:\/\/partners.direct-booker.com\/hr\/kolacici\/","title":{"rendered":"Kola\u010di\u0107i"},"content":{"rendered":"<div class=\"flex_column av_one_full  flex_column_div av-zero-column-padding first  avia-builder-el-0  avia-builder-el-no-sibling  \" style='border-radius:0px; '><section class=\"av_textblock_section \"  itemscope=\"itemscope\" itemtype=\"https:\/\/schema.org\/CreativeWork\" ><div class='avia_textblock  '   itemprop=\"text\" ><h1><b>Pravila u vezi Kola\u010di\u0107a (tzv. \u201cCookie\u201d)<\/b><\/h1>\n<div  style='height:30px' class='hr hr-invisible   avia-builder-el-2  el_before_av_hr  avia-builder-el-first '><span class='hr-inner ' ><span class='hr-inner-style'><\/span><\/span><\/div>\n<h2><b>Uporaba &#8216;Kola\u010di\u0107a&#8217; (Cookie policy)<\/b><\/h2>\n<p><span style=\"font-weight: 400;\">Kako bi ova internetska stranica radila pravilno te u svrhu pobolj\u0161anja va\u0161eg iskustva pregledavanja, ova stranica mora na va\u0161e ra\u010dunalo pohraniti malenu koli\u010dinu podataka odnosno pristupiti tim ve\u0107 pohranjenim podacima (tzv. cookies datoteke ili &#8220;kola\u010di\u0107i&#8221;). Preko 90 % svih internetskih stranica koristi ovu praksu, no prema propisima Republike Hrvatske i Europske Unije obvezni smo prije spremanja &#8220;kola\u010di\u0107a&#8221; zatra\u017eiti va\u0161u privolu. Kori\u0161tenjem ove internetske stranice pristajete na uporabu &#8216;kola\u010di\u0107a&#8217;. Blokiranjem &#8220;kola\u010di\u0107a&#8221; i dalje mo\u017eete pregledavati stranicu, no neke njezine mogu\u0107nosti ne\u0107e vam biti dostupne.<\/span><\/p>\n<div  style='height:30px' class='hr hr-invisible   avia-builder-el-3  el_after_av_hr  el_before_av_hr '><span class='hr-inner ' ><span class='hr-inner-style'><\/span><\/span><\/div>\n<h2><b>\u0160to je HTTP cookie (&#8220;kola\u010di\u0107&#8221;)?<\/b><\/h2>\n<p><span style=\"font-weight: 400;\">&#8220;Kola\u010di\u0107&#8221; je podatak pohranjen na va\u0161e ra\u010dunalo od strane internetske stranice koju posjetite. &#8220;Kola\u010di\u0107i&#8221; obi\u010dno pohranjuju va\u0161e postavke, postavke za internetsku stranicu, kao \u0161to su preferirani jezik ili adresa. Kasnije, kada opet otvorite istu internetsku stranicu, internetski preglednik \u0161alje natrag &#8220;kola\u010di\u0107e&#8221; koji pripadaju toj stranici. Ovo omogu\u0107ava stranici da prika\u017ee informacije prilago\u0111ene va\u0161im potrebama.<\/span><\/p>\n<p><span style=\"font-weight: 400;\">&#8220;Kola\u010di\u0107i&#8221; mogu spremati \u0161irok raspon podataka uklju\u010duju\u0107i osobne podatke (kao \u0161to je va\u0161e ime ili adresa e-po\u0161te). Ipak, ovi podaci mogu biti pohranjeni jedino ako vi to omogu\u0107ite &#8211; internetske stranice ne mogu dobiti pristup podacima koji im niste dali i ne mogu pristupiti drugim datotekama na va\u0161em ra\u010dunalu. Zadane aktivnosti pohranjivanja i slanja &#8220;kola\u010di\u0107a&#8221; vama nisu vidljive. Ipak, mo\u017eete promijeniti svoje postavke internetskog preglednika kako biste mogli sami birati ho\u0107ete li zahtjeve za pohranjivanje &#8220;kola\u010di\u0107a&#8221; odobriti ili odbiti, ho\u0107ete li pobrisati pohranjene &#8220;kola\u010di\u0107e&#8221; automatski pri zatvaranju internetskog preglednika i sli\u010dno.<\/span><\/p>\n<div  style='height:30px' class='hr hr-invisible   avia-builder-el-4  el_after_av_hr  el_before_av_hr '><span class='hr-inner ' ><span class='hr-inner-style'><\/span><\/span><\/div>\n<h2><b>Kako onemogu\u0107iti &#8220;kola\u010di\u0107e&#8221;?<\/b><\/h2>\n<p><span style=\"font-weight: 400;\">Onemogu\u0107avanjem &#8220;kola\u010di\u0107a&#8221; odlu\u010dujete ho\u0107ete li dopustiti pohranjivanje &#8220;kola\u010di\u0107a&#8221; na va\u0161em ra\u010dunalu. Postavke &#8220;kola\u010di\u0107a&#8221; mogu se kontrolirati i konfigurirati u va\u0161em internetskom pregledniku.<\/span><\/p>\n<p><span style=\"font-weight: 400;\">Za informacije o postavkama &#8220;kola\u010di\u0107a&#8221;, odaberite internetski preglednik koji koristite.<\/span><\/p>\n<ul>\n<li style=\"font-weight: 400;\" aria-level=\"1\"><a href=\"https:\/\/support.google.com\/chrome\/answer\/95647?hl=en\"><span style=\"font-weight: 400;\">Google Chrome<\/span><\/a><\/li>\n<li style=\"font-weight: 400;\" aria-level=\"1\"><a href=\"https:\/\/support.mozilla.org\/hr\/kb\/Kola%C4%8Di%C4%87i\"><span style=\"font-weight: 400;\">Mozilla Firefox<\/span><\/a><\/li>\n<li style=\"font-weight: 400;\" aria-level=\"1\"><a href=\"https:\/\/support.microsoft.com\/en-us\/help\/17442\/windows-internet-explorer-delete-manage-cookies\"><span style=\"font-weight: 400;\">MS Internet Explorer<\/span><\/a><\/li>\n<li style=\"font-weight: 400;\" aria-level=\"1\"><a href=\"https:\/\/www.opera.com\/help\/tutorials\/security\/privacy\/\"><span style=\"font-weight: 400;\">Opera<\/span><\/a><\/li>\n<li style=\"font-weight: 400;\" aria-level=\"1\"><a href=\"https:\/\/support.apple.com\/kb\/ph5042?locale=en_US\"><span style=\"font-weight: 400;\">Apple Safari<\/span><\/a><\/li>\n<\/ul>\n<p><span style=\"font-weight: 400;\">Ako onemogu\u0107ite &#8220;kola\u010di\u0107e&#8221;, ne\u0107ete mo\u0107i koristiti neke od funkcionalnosti na internetskim stranicama.<\/span><\/p>\n<div  style='height:30px' class='hr hr-invisible   avia-builder-el-5  el_after_av_hr  el_before_av_hr '><span class='hr-inner ' ><span class='hr-inner-style'><\/span><\/span><\/div>\n<h2><b>\u0160to su privremeni &#8220;kola\u010di\u0107i&#8221; (session cookie)?<\/b><\/h2>\n<p><span style=\"font-weight: 400;\">Privremeni &#8220;kola\u010di\u0107i&#8221; ili &#8220;kola\u010di\u0107i&#8221; sesije uklanjaju se s ra\u010dunala po zatvaranju internetskog preglednika. Pomo\u0107u njih internetske stranice pohranjuju privremene podatke, poput stavki u ko\u0161arici za kupnju.<\/span><\/p>\n<div  style='height:30px' class='hr hr-invisible   avia-builder-el-6  el_after_av_hr  el_before_av_hr '><span class='hr-inner ' ><span class='hr-inner-style'><\/span><\/span><\/div>\n<h2><b>\u0160to su stalni &#8220;kola\u010di\u0107i&#8221; (persistent cookie)?<\/b><\/h2>\n<p><span style=\"font-weight: 400;\">Stalni ili pohranjeni &#8220;kola\u010di\u0107i&#8221; ostaju na ra\u010dunalu i nakon zatvaranja programa &#8211; internetskih preglednika. Pomo\u0107u njih internet stranice pohranjuju podatke kao \u0161to su ime za prijavu i lozinka, tako da se ne morate prijavljivati prilikom svakog posjeta odre\u0111enim stranicama. Stalni kola\u010di\u0107i ostat \u0107e na ra\u010dunalu danima, mjesecima, \u010dak i godinama (ovisno o postavkama).<\/span><\/p>\n<div  style='height:30px' class='hr hr-invisible   avia-builder-el-7  el_after_av_hr  el_before_av_hr '><span class='hr-inner ' ><span class='hr-inner-style'><\/span><\/span><\/div>\n<h2><b>\u0160to su &#8220;kola\u010di\u0107i&#8221; od prve strane (first-party cookie)?<\/b><\/h2>\n<p><span style=\"font-weight: 400;\">&#8220;Kola\u010di\u0107i&#8221; od prve strane dolaze s internetske stranice koju gledate, a mogu biti stalni ili privremeni. Pomo\u0107u tih &#8220;kola\u010di\u0107a&#8221; internetske stranice mogu pohraniti podatke koje \u0107e ponovo koristiti prilikom korisnikovog sljede\u0107eg posjeta tim stranicama kako bi pobolj\u0161ale korisni\u010dko iskustvo i ostalo.<\/span><\/p>\n<div  style='height:30px' class='hr hr-invisible   avia-builder-el-8  el_after_av_hr  el_before_av_hr '><span class='hr-inner ' ><span class='hr-inner-style'><\/span><\/span><\/div>\n<h2><b>\u0160to su &#8220;kola\u010di\u0107i&#8221; tre\u0107e strane (third-party cookie)?<\/b><\/h2>\n<p><span style=\"font-weight: 400;\">&#8220;Kola\u010di\u0107i&#8221; tre\u0107e strane dolaze od reklama tre\u0107ih internet domena (kao \u0161to su sko\u010dne ili druge reklame) koje se nalaze na internet stranicama koje pregledavate. Pomo\u0107u tih kola\u010di\u0107a razli\u010dite internetske domene mogu pratiti kori\u0161tenje interneta u marketin\u0161ke svrhe.<\/span><\/p>\n<div  style='height:30px' class='hr hr-invisible   avia-builder-el-9  el_after_av_hr  el_before_av_hr '><span class='hr-inner ' ><span class='hr-inner-style'><\/span><\/span><\/div>\n<h2><b>Koristi li direct-booker.com &#8220;kola\u010di\u0107e&#8221;?<\/b><\/h2>\n<p><span style=\"font-weight: 400;\">Da, s primarnim ciljem kako bi na\u0161e internetske stranice omogu\u0107ile bolje korisni\u010dko iskustvo i lak\u0161i pregled podataka, na na\u010din da bilje\u017eimo va\u0161e izbore, podatke za prijavu i izbore usluga kao i regiju. Tako\u0111er ih koristimo kako bismo nau\u010dili vi\u0161e o vama, odnosno kako bismo pratili va\u0161e kori\u0161tenje internet stranice i preporu\u010dali proizvode i usluge, odnosno davali preporuke.<\/span><\/p>\n<div  style='height:30px' class='hr hr-invisible   avia-builder-el-10  el_after_av_hr  el_before_av_hr '><span class='hr-inner ' ><span class='hr-inner-style'><\/span><\/span><\/div>\n<h2><b>Kakve &#8220;kola\u010di\u0107e&#8221; koristi direct-booker.com i za\u0161to?<\/b><\/h2>\n<ul>\n<li style=\"font-weight: 400;\" aria-level=\"1\"><b>Privremeni &#8220;kola\u010di\u0107i&#8221; (session cookies)<\/b><span style=\"font-weight: 400;\"> \u2013 &#8220;kola\u010di\u0107i&#8221; koji se uklanjaju s ra\u010dunala nakon zatvaranja internetskog preglednika. Koriste se u autorizacijske svrhe i privremeno pam\u0107enje korisni\u010dkih postavki pri pregledu stranica.<\/span><\/li>\n<li style=\"font-weight: 400;\" aria-level=\"1\"><b>Trajni &#8220;kola\u010di\u0107i&#8221; (persistent cookies)<\/b><span style=\"font-weight: 400;\"> \u2013 ostaju na ra\u010dunalu i nakon zatvaranja programa &#8211; internetskih preglednika do uklanjanja od strane programa ili samog korisnika. Trajne &#8220;kola\u010di\u0107e&#8221; koristimo kako bismo bolje razumjeli navike korisnika te u svrhu pobolj\u0161anja internetskih stranica prema navikama pojedinog korisnika. Ova informacija je anonimna \u2013 ne pohranjuju se osobni podaci korisnika ve\u0107 samo pretra\u017eiva\u010da, odnosno ure\u0111aja (kao \u0161to je IP adresa) Ti podaci se tako\u0111er ne povezuju s drugim osobnim podacima koje je korisnik eventualno prethodno dao.<\/span><\/li>\n<\/ul>\n<div  style='height:30px' class='hr hr-invisible   avia-builder-el-11  el_after_av_hr  el_before_av_hr '><span class='hr-inner ' ><span class='hr-inner-style'><\/span><\/span><\/div>\n<h2><b>Ima li na direct-booker.com stranici &#8220;kola\u010di\u0107a&#8221; tre\u0107e strane (third-party cookies)?<\/b><\/h2>\n<p><span style=\"font-weight: 400;\">Postoji nekoliko servisa koji korisniku spremaju odre\u0111enu koli\u010dinu navedenih &#8220;kola\u010di\u0107a&#8221;. Ovi &#8220;kola\u010di\u0107i&#8221; nisu postavljeni od strane ove internetske stranice, ali neki slu\u017ee za normalno funkcioniranje odre\u0111enih mogu\u0107nosti koje korisnicima olak\u0161avaju pristup sadr\u017eaju.<\/span><\/p>\n<p><span style=\"font-weight: 400;\">Od vanjskih servisa trenuta\u010dno se koristi samo mjerenje posje\u0107enosti. Internet stranice direct-booker.com koriste servis za mjerenje posje\u0107enosti Google analytics.<\/span><\/p>\n<p><span style=\"font-weight: 400;\">Ako \u017eelite onemogu\u0107iti da vam navedeni servis sprema &#8220;kola\u010di\u0107e&#8221;, to mo\u017eete u\u010diniti na sljede\u0107oj poveznici:<\/span><\/p>\n<ul>\n<li style=\"font-weight: 400;\" aria-level=\"1\"><a href=\"https:\/\/tools.google.com\/dlpage\/gaoptout\"><span style=\"font-weight: 400;\">Google Analytics Opt-out Browser Add-on<\/span><\/a><\/li>\n<\/ul>\n<div  style='height:30px' class='hr hr-invisible   avia-builder-el-12  el_after_av_hr  avia-builder-el-last '><span class='hr-inner ' ><span class='hr-inner-style'><\/span><\/span><\/div>\n<h2><b>Dodatne informacija oko isklju\u010divanja &#8220;kola\u010di\u0107a&#8221;<\/b><\/h2>\n<p><span style=\"font-weight: 400;\">Trenutno postoji nekoliko internetskih stranica za isklju\u010divanje pohranjivanja &#8220;kola\u010di\u0107a&#8221; za razli\u010dite servise.<\/span><\/p>\n<p><span style=\"font-weight: 400;\">Vi\u0161e se mo\u017eete informirati na sljede\u0107im linkovima:<\/span><\/p>\n<ul>\n<li style=\"font-weight: 400;\" aria-level=\"1\"><a href=\"https:\/\/www.allaboutcookies.org\/\"><span style=\"font-weight: 400;\">allaboutcookies.org<\/span><\/a><\/li>\n<li style=\"font-weight: 400;\" aria-level=\"1\"><a href=\"https:\/\/www.youronlinechoices.eu\/\"><span style=\"font-weight: 400;\">youronlinechoices.eu<\/span><\/a><\/li>\n<\/ul>\n<p>Za sva pitanja, slobodno nas kontaktirajte na e-mail <strong>info@direct-booker.com<\/strong> ili na putem po\u0161te na adresu<\/p>\n<p><strong>Direct booker d.o.o.<\/strong><br \/>\n<strong> Vukovarska 9,<\/strong><br \/>\n<strong> 20000 Dubrovnik,<\/strong><br \/>\n<strong> Hrvatska<\/strong><\/p>\n<\/div><\/section><\/div>\n","protected":false},"excerpt":{"rendered":"","protected":false},"author":1,"featured_media":0,"parent":0,"menu_order":9,"comment_status":"closed","ping_status":"closed","template":"","meta":[],"_links":{"self":[{"href":"https:\/\/partners.direct-booker.com\/hr\/wp-json\/wp\/v2\/pages\/4005"}],"collection":[{"href":"https:\/\/partners.direct-booker.com\/hr\/wp-json\/wp\/v2\/pages"}],"about":[{"href":"https:\/\/partners.direct-booker.com\/hr\/wp-json\/wp\/v2\/types\/page"}],"author":[{"embeddable":true,"href":"https:\/\/partners.direct-booker.com\/hr\/wp-json\/wp\/v2\/users\/1"}],"replies":[{"embeddable":true,"href":"https:\/\/partners.direct-booker.com\/hr\/wp-json\/wp\/v2\/comments?post=4005"}],"version-history":[{"count":10,"href":"https:\/\/partners.direct-booker.com\/hr\/wp-json\/wp\/v2\/pages\/4005\/revisions"}],"predecessor-version":[{"id":4094,"href":"https:\/\/partners.direct-booker.com\/hr\/wp-json\/wp\/v2\/pages\/4005\/revisions\/4094"}],"wp:attachment":[{"href":"https:\/\/partners.direct-booker.com\/hr\/wp-json\/wp\/v2\/media?parent=4005"}],"curies":[{"name":"wp","href":"https:\/\/api.w.org\/{rel}","templated":true}]}}