{"id":3984,"date":"2021-03-26T09:51:52","date_gmt":"2021-03-26T08:51:52","guid":{"rendered":"https:\/\/partners.direct-booker.com\/kontaktirajte-nas\/"},"modified":"2024-05-14T09:13:21","modified_gmt":"2024-05-14T08:13:21","slug":"kontakt","status":"publish","type":"page","link":"https:\/\/partners.direct-booker.com\/hr\/kontakt\/","title":{"rendered":"Kontakt"},"content":{"rendered":"<div id='av_section_1'  class='avia-section main_color avia-section-large avia-no-border-styling  avia-bg-style-scroll  avia-builder-el-0  el_before_av_heading  avia-builder-el-first   av-arrow-down-section container_wrap sidebar_right' style=' '  ><div class='container' ><main  role=\"main\" itemprop=\"mainContentOfPage\"  class='template-page content  av-content-small alpha units'><div class='post-entry post-entry-type-page post-entry-3984'><div class='entry-content-wrapper clearfix'>\n<div class='flex_column_table av-equal-height-column-flextable av-break-at-tablet-flextable' ><div class=\"flex_column av_one_half  av-break-at-tablet flex_column_table_cell av-equal-height-column av-align-top av-zero-column-padding first  avia-builder-el-1  el_before_av_one_half  avia-builder-el-first  \" style='border-radius:0px; '><form action=\"https:\/\/partners.direct-booker.com\/hr\/kontakt\/\" method=\"post\"  class=\"avia_ajax_form av-form-labels-hidden   avia-builder-el-2  avia-builder-el-no-sibling   \" data-avia-form-id=\"1\" data-avia-redirect='' ><fieldset><p class='  first_form  form_element form_fullwidth' id='element_avia_1_1'><label for=\"avia_1_1\">Ime i Prezime <abbr class=\"required\" title=\"required\">*<\/abbr><\/label> <input name=\"avia_1_1\" class=\"text_input is_empty\" type=\"text\" id=\"avia_1_1\" value=\"\"  placeholder='Ime i Prezime*'\/><\/p><p class='  first_form  form_element form_fullwidth' id='element_avia_2_1'><label for=\"avia_2_1\">E-Mail <abbr class=\"required\" title=\"required\">*<\/abbr><\/label> <input name=\"avia_2_1\" class=\"text_input is_email\" type=\"text\" id=\"avia_2_1\" value=\"\"  placeholder='E-Mail*'\/><\/p><p class='  first_form  form_element form_fullwidth' id='element_avia_3_1'><label for=\"avia_3_1\">Telefon <abbr class=\"required\" title=\"required\">*<\/abbr><\/label> <input name=\"avia_3_1\" class=\"text_input is_phone\" type=\"text\" id=\"avia_3_1\" value=\"\"  placeholder='Telefon*'\/><\/p><p class='  first_form  form_element form_fullwidth av-last-visible-form-element' id='element_avia_4_1'><label for=\"avia_4_1\" class=\"textare_label hidden textare_label_avia_4_1\">Va\u0161a poruka <abbr class=\"required\" title=\"required\">*<\/abbr><\/label><textarea  placeholder='Va\u0161a poruka*' name=\"avia_4_1\" class=\"text_area is_empty\" cols=\"40\" rows=\"7\" id=\"avia_4_1\" ><\/textarea><\/p><p class=\"hidden\"><input type=\"text\" name=\"avia_5_1\" class=\"hidden \" id=\"avia_5_1\" value=\"\" \/><\/p><p class=\"form_element \"><input type=\"hidden\" value=\"1\" name=\"avia_generated_form1\" \/><input type=\"submit\" value=\"Po\u0161alji upit\" class=\"button\"  data-sending-label=\"Sending\"\/><\/p><\/fieldset><\/form><div id=\"ajaxresponse_1\" class=\"ajaxresponse ajaxresponse_1 hidden\"><\/div><\/div><div class='av-flex-placeholder'><\/div><div class=\"flex_column av_one_half  av-break-at-tablet flex_column_table_cell av-equal-height-column av-align-top av-zero-column-padding   avia-builder-el-3  el_after_av_one_half  el_before_av_hr  \" style='border-radius:0px; '><p><div  style='height:10px' class='hr hr-invisible   avia-builder-el-4  el_before_av_image  avia-builder-el-first '><span class='hr-inner ' ><span class='hr-inner-style'><\/span><\/span><\/div><br \/>\n<div  class='avia-image-container  av-styling-    avia-builder-el-5  el_after_av_hr  el_before_av_hr  avia-align-left '  itemprop=\"image\" itemscope=\"itemscope\" itemtype=\"https:\/\/schema.org\/ImageObject\"  ><div class='avia-image-container-inner'><div class='avia-image-overlay-wrap'><img decoding=\"async\" class='wp-image-3546 avia-img-lazy-loading-not-3546 avia_image' src=\"https:\/\/partners.direct-booker.com\/wp-content\/uploads\/2021\/03\/Artboard-1@3x-300x30.png\" alt='' title='Artboard-1@3x' height=\"30\" width=\"300\"  itemprop=\"thumbnailUrl\" srcset=\"https:\/\/partners.direct-booker.com\/wp-content\/uploads\/2021\/03\/Artboard-1@3x-300x30.png 300w, https:\/\/partners.direct-booker.com\/wp-content\/uploads\/2021\/03\/Artboard-1@3x.png 597w\" sizes=\"(max-width: 300px) 100vw, 300px\" \/><\/div><\/div><\/div><br \/>\n<div  style='height:70px' class='hr hr-invisible   avia-builder-el-6  el_after_av_image  el_before_av_textblock '><span class='hr-inner ' ><span class='hr-inner-style'><\/span><\/span><\/div><br \/>\n<section class=\"av_textblock_section \"  itemscope=\"itemscope\" itemtype=\"https:\/\/schema.org\/CreativeWork\" ><div class='avia_textblock  '   itemprop=\"text\" ><h4 style=\"padding-left: 10px;\">SJEDI\u0160TE TVRTKE:<\/h4>\n<p style=\"padding-left: 10px;\"><span style=\"color: #222222;\">Adresa:<\/span> <em><span style=\"color: #636363;\">Vukovarska 9, <\/span><\/em><br \/>\n<span style=\"color: #222222;\">Grad:<\/span> <span style=\"color: #636363;\"><em>20 000 Dubrovnik,<\/em><\/span><em><span style=\"color: #636363;\"> Hrvatska<\/span><\/em><br \/>\n<span style=\"color: #222222;\">Tel.:<\/span> <span style=\"color: #636363;\"><em>+385 (0)20 638 194<\/em><\/span><br \/>\n<span style=\"color: #222222;\">Fax:<\/span> <em><span style=\"color: #636363;\">+385 (0)20 638 191<\/span><\/em><br \/>\n<span style=\"color: #222222;\">Email:<\/span> <em><span style=\"color: #636363;\">info@direct-booker.com<\/span><\/em><br \/>\n<span style=\"color: #222222;\">Radno vrijeme:<\/span> <em><span style=\"color: #636363;\">8h- 16h (Pon. &#8211; Pet.)<\/span><\/em><\/p>\n<p style=\"padding-left: 10px;\"><span style=\"color: #222222;\">Poslovni Menad\u017eer:<\/span> <em><span style=\"color: #636363;\">Mario Pri\u017emi\u0107<\/span><\/em><br \/>\n<span style=\"color: #fb6b41;\"><em>Poslovni menad\u017eer odgovoran je za rad turisti\u010dke agencije u skladu sa zakonskim odredbama.<\/em><\/span><\/p>\n<\/div><\/section><\/p><\/div><\/div><!--close column table wrapper. Autoclose: 1 --><div  style='height:50px' class='hr hr-invisible  av-small-hide av-mini-hide  avia-builder-el-8  el_after_av_one_half  avia-builder-el-last '><span class='hr-inner ' ><span class='hr-inner-style'><\/span><\/span><\/div>\n<\/div><\/div><\/main><!-- close content main element --><\/div><div class='av-extra-border-element border-extra-arrow-down'><div class='av-extra-border-outer'><div class='av-extra-border-inner'  style='background-color:#ffffff;' ><\/div><\/div><\/div><\/div><div id='after_section_1'  class='main_color av_default_container_wrap container_wrap sidebar_right' style=' '  ><div class='container' ><div class='template-page content  av-content-small alpha units'><div class='post-entry post-entry-type-page post-entry-3984'><div class='entry-content-wrapper clearfix'>\n<div  style='padding-bottom:0px; font-size:49px;' class='av-special-heading av-special-heading-h1  blockquote modern-quote  avia-builder-el-9  el_after_av_section  el_before_av_hr  avia-builder-el-first  av-inherit-size '><div class ='av-subheading av-subheading_above  ' style='font-size:20px;'><p>DETALJI TVRTKE<\/p>\n<\/div><h1 class='av-special-heading-tag '  itemprop=\"headline\"  >DIRECT BOOKER<\/h1><div class='special-heading-border'><div class='special-heading-inner-border' ><\/div><\/div><\/div>\n<div  style=' margin-top:5px; margin-bottom:30px;'  class='hr hr-custom hr-left hr-icon-no   avia-builder-el-10  el_after_av_heading  el_before_av_one_half '><span class='hr-inner  inner-border-av-border-fat' style=' width:80px; border-color:#fb6b41;' ><span class='hr-inner-style'><\/span><\/span><\/div>\n<div class=\"flex_column av_one_half  av-break-at-tablet flex_column_div av-zero-column-padding first  avia-builder-el-11  el_after_av_hr  el_before_av_one_half  \" style='border-radius:0px; '><section class=\"av_textblock_section \"  itemscope=\"itemscope\" itemtype=\"https:\/\/schema.org\/CreativeWork\" ><div class='avia_textblock  '   itemprop=\"text\" ><h4>PRAVNE ODREDBE<\/h4>\n<p><em><span style=\"color: #636363;\">Trgova\u010dki sud u Splitu &#8211; stalna slu\u017eba u Dubrovniku<\/span><br \/>\n<span style=\"color: #636363;\"> MBS: 060285778<\/span><br \/>\n<span style=\"color: #636363;\">NKD 79.11 &#8211; djelatnosti putni\u010dkih agencija.<\/span><br \/>\n<span style=\"color: #636363;\"> Kapital: 100% doma\u0107i \u2013 izvor FINA<\/span><br \/>\n<\/em><span style=\"color: #222222;\">OIB:<\/span><em> 60894893161<\/em><\/p>\n<h4>BANKOVNI RA\u010cUN<\/h4>\n<p><span style=\"color: #636363;\">Privredna banka Zagreb d.d.<\/span><br \/>\n<span style=\"color: #636363;\"> Radni\u010dka cesta 50, 10 000 Zagreb<\/span><br \/>\n<span style=\"color: #636363;\"> IBAN: HR6423400091110551495<\/span><br \/>\n<span style=\"color: #222222;\">Temeljni kapital: <\/span><span style=\"color: #636363;\">20.000,00 kn upla\u0107en u cjelosti<\/span><br \/>\n<span style=\"color: #222222;\">\u010clanovi uprave:<\/span> <em>Nino Dubreti\u0107 i Nikola Grubeli\u0107<\/em><\/p>\n<h4>PRAVILO ODGOVORNOSTI<\/h4>\n<p>DIRECT BOOKER <em>nastupa kao posrednik u rezerviranju smje\u0161tajnih jedinica izme\u0111u gosta i iznajmljiva\u010da.<\/em><\/p>\n<p>DIRECT BOOKER <em>na bilo koji na\u010din nije odgovoran za \u0161tetu koju bi pretrpio gost ili osoba povezana sa istim ili pak glede stvari\/predmeta u vlasni\u0161tvu ili posjedu gosta (bilo da je \u0161teta prouzro\u010dena u odnosu spram imovine ili integriteta\/zdravlja gosta, i to bez obzira na uzrok i izvor \u0161tete).<\/em><\/p>\n<p><em>Koriste\u0107i ovo web mjesto korisnik je upoznat s posredni\u010dkom ulogom<\/em> DIRECT BOOKER-a<em> kao i s pravilom odricanja odgovornosti<\/em> DIRECT BOOKER<em>-a te se odri\u010de svog prava potra\u017eivanja te i takve naknade \u0161tete spram<\/em> DIRECT BOOKER-<em>a<\/em>.<\/p>\n<h4>NADLE\u017dNOST<\/h4>\n<p><em>Nadle\u017eno tijelo za nadzor: Dr\u017eavni inspektorat RH, turisti\u010dka inspekcija.<\/em><\/p>\n<\/div><\/section><\/div><div class=\"flex_column av_one_half  av-break-at-tablet flex_column_div av-zero-column-padding   avia-builder-el-13  el_after_av_one_half  el_before_av_hr  \" style='border-radius:0px; '><section class=\"av_textblock_section \"  itemscope=\"itemscope\" itemtype=\"https:\/\/schema.org\/CreativeWork\" ><div class='avia_textblock  '   itemprop=\"text\" ><h4>KAKO PODNJETI \u017dALBU<\/h4>\n<p><em><span style=\"color: #636363;\">Prema \u010dlanku 6. Zakona o pru\u017eanju turisti\u010dkih usluga i \u010dlanku 10. stavku 3. Zakona o za\u0161titi potro\u0161a\u010da, obavje\u0161tavamo korisnike usluga da se mo\u017ee podnijeti pismena \u017ealba na kvalitetu ugovorenih usluga:<\/span><br \/>\n<\/em><span style=\"color: #222222;\">po\u0161tom na adresu Vukovarska 9, 20000 Dubrovnik<\/span><br \/>\n<span style=\"color: #222222;\"> ili email<em><span style=\"color: #636363;\">info@direct-booker.com<\/span><\/em><\/span><br \/>\n<span style=\"color: #222222;\"> izravno u Direct Booker poslovnicu.<\/span><\/p>\n<p><em><span style=\"color: #636363;\">Potvrda o primitku \u017ealbe bit \u0107e vam poslana bez odlaganja u pisanom obliku. Odgovor na prigovor dostavit \u0107e se u pisanom obliku najkasnije 15 dana nakon primitka prigovora.<\/span><\/em><br \/>\n<span style=\"color: #222222;\">Direct Booker d.o.o.<\/span><br \/>\n<span style=\"color: #222222;\">Vukovarska 9,<\/span><br \/>\n<span style=\"color: #222222;\">20000 Dubrovnik, Hrvatska<\/span><\/p>\n<\/div><\/section><\/div><\/p>\n<div  style='height:100px' class='hr hr-invisible  av-small-hide av-mini-hide  avia-builder-el-15  el_after_av_one_half  avia-builder-el-last '><span class='hr-inner ' ><span class='hr-inner-style'><\/span><\/span><\/div>\n","protected":false},"excerpt":{"rendered":"","protected":false},"author":1,"featured_media":0,"parent":0,"menu_order":5,"comment_status":"closed","ping_status":"closed","template":"","meta":[],"_links":{"self":[{"href":"https:\/\/partners.direct-booker.com\/hr\/wp-json\/wp\/v2\/pages\/3984"}],"collection":[{"href":"https:\/\/partners.direct-booker.com\/hr\/wp-json\/wp\/v2\/pages"}],"about":[{"href":"https:\/\/partners.direct-booker.com\/hr\/wp-json\/wp\/v2\/types\/page"}],"author":[{"embeddable":true,"href":"https:\/\/partners.direct-booker.com\/hr\/wp-json\/wp\/v2\/users\/1"}],"replies":[{"embeddable":true,"href":"https:\/\/partners.direct-booker.com\/hr\/wp-json\/wp\/v2\/comments?post=3984"}],"version-history":[{"count":18,"href":"https:\/\/partners.direct-booker.com\/hr\/wp-json\/wp\/v2\/pages\/3984\/revisions"}],"predecessor-version":[{"id":7642,"href":"https:\/\/partners.direct-booker.com\/hr\/wp-json\/wp\/v2\/pages\/3984\/revisions\/7642"}],"wp:attachment":[{"href":"https:\/\/partners.direct-booker.com\/hr\/wp-json\/wp\/v2\/media?parent=3984"}],"curies":[{"name":"wp","href":"https:\/\/api.w.org\/{rel}","templated":true}]}}