{"id":3976,"date":"2021-03-26T09:26:42","date_gmt":"2021-03-26T08:26:42","guid":{"rendered":"https:\/\/partners.direct-booker.com\/pravila-privatnosti\/"},"modified":"2021-03-27T20:29:24","modified_gmt":"2021-03-27T19:29:24","slug":"pravila-privatnosti","status":"publish","type":"page","link":"https:\/\/partners.direct-booker.com\/hr\/pravila-privatnosti\/","title":{"rendered":"Pravila Privatnosti"},"content":{"rendered":"<div class=\"flex_column av_one_full  flex_column_div av-zero-column-padding first  avia-builder-el-0  avia-builder-el-no-sibling  \" style='border-radius:0px; '><section class=\"av_textblock_section \"  itemscope=\"itemscope\" itemtype=\"https:\/\/schema.org\/CreativeWork\" ><div class='avia_textblock  '   itemprop=\"text\" ><h1><span style=\"font-weight: 800;\">Pravila Privatnosti<\/span><\/h1>\n<div  style='height:30px' class='hr hr-invisible   avia-builder-el-2  el_before_av_hr  avia-builder-el-first '><span class='hr-inner ' ><span class='hr-inner-style'><\/span><\/span><\/div>\n<p><span style=\"font-weight: 400;\">Direct Booker d.o.o. ima slu\u017ebenika (voditelja) za za\u0161titu va\u0161ih osobnih podataka i mo\u017eete ga kontaktirati putem e-maila <\/span><span style=\"color: #fb6b41;\"><a style=\"color: #fb6b41;\" href=\"mailto:dpo@direct-booker.com\"><span style=\"font-weight: 400;\">dpo@direct-booker.com<\/span><\/a><\/span><span style=\"font-weight: 400;\"> ili na adresu Direct booker d.o.o., (GDPR &#8211; odjel za za\u0161titu osobnih podataka), Vukovarska 9, 20000 Dubrovnik, Hrvatska.<\/span><\/p>\n<p><span style=\"font-weight: 400;\">Obja\u0161njenje za e-mail adresu: DPO dolazi od engleskih rije\u010di \u201cData Protection Officer\u201d (\u0161to u prijevodu zna\u010di \u201cslu\u017ebenik za za\u0161titu osobnih podataka\u201d.<\/span><\/p>\n<p><span style=\"font-weight: 400;\">Direct Booker d.o.o. prikuplja osobne podatke za koje ste dali privolu i iz toga proizlazi pravna osnova za obradu va\u0161ih osobnih podataka. Kako biste bili informirani o novostima i aktualnim ponudama slati \u0107emo vam obavijesti putem e-maila, sms poruka, newslettera ili pisma. Ako nam date suglasnost ozna\u010davanjem praznog polja kva\u010dicom va\u0161e osobne podatke \u0107emo koristiti u svrhu analize zadovoljstva na\u0161ih \u010dlanova, provo\u0111enja anketa za unapre\u0111enje poslovanja i zadovoljstva na\u0161ih \u010dlanova, te u svrhu ponude svih na\u0161ih proizvoda i usluga, obavijesti o novostima, alatima, aplikacijama, doga\u0111ajima i promocijama.<\/span><\/p>\n<p><span style=\"font-weight: 400;\">Osobni podaci koje obra\u0111ujemo su: va\u0161e ime, prezime, e-mail adresa, zbog potrebe da vas kontaktiramo, te po\u0161aljemo informativne poruke. Tako\u0111er postoji slu\u010daj gdje \u0107emo od vas tra\u017eiti jo\u0161 i podatke kao \u0161to su va\u0161 telefon i adresa, zbog potreba eventualne poslovne suradnje. Zbog potrebe rezervacije smje\u0161taja ili aktivnosti, jo\u0161 vas mo\u017eemo tra\u017eiti i financijske podatke npr. brojeve kreditnih kartica, koje \u010duvamo u skladu s pravilima PCI DSS sigurnosti.<\/span><\/p>\n<p><span style=\"font-weight: 400;\">Va\u0161i osobni podaci mogu se obra\u0111ivati u razli\u010dite svrhe, ako je to neophodno za po\u0161tivanje zakonskih obveza (npr. za dostavljanje podataka sudovima ili organima kaznenog progona), ako ste pristali na odgovaraju\u0107u obradu ili ako je obrada na drugi na\u010din zakonita prema obvezuju\u0107im propisima. Ako se podaci obra\u0111uju u drugu svrhu, prije obrade pru\u017eit \u0107emo vam informacije o toj drugoj svrsi te sve druge relevantne informacije.<\/span><\/p>\n<p><span style=\"font-weight: 400;\">Niste obvezni dati svoju privolu za primitak informacija o cjelokupnoj ponudi na\u0161ih prozvoda i usluga, niti o provo\u0111enju anketa, niti za primanje personaliziranih ponuda proizvoda i usluga. Ako ne \u017eelite dati svoju privolu, ne\u0107ete primati obavijesti o cjelokupoj ponudi na\u0161ih prozvoda i usluga, niti o provo\u0111enju anketa, niti obavijesti s personaliziranim ponudama proizvoda i usluga.<\/span><\/p>\n<p><span style=\"font-weight: 400;\">Pristup va\u0161im osobnim podacima mogu imati konzultanti koji poma\u017eu IT podr\u0161ci za gore navedene sustave i koji poma\u017eu u obradi osobnih podataka u gore navedenim sustavima. Ovla\u0161tene tre\u0107e strane mo\u017eda \u0107e trebati pristupiti ili pohraniti osobne podatke ako to zahtijevaju ili dopu\u0161taju obvezuju\u0107i propisi (npr. dr\u017eavna tijela, sudovi, vanjski savjetnici i druge tre\u0107e osobe koje se smatraju javnim tijelima).<\/span><\/p>\n<p><span style=\"font-weight: 400;\">Obra\u0111ivat \u0107emo prikupljene podatke za gore navedene svrhe samo onoliko dugo koliko je potrebno za gore navedene svrhe, i to sve dok ne povu\u010dete va\u0161u privolu. Ako je pokrenut sudski, upravni ili izvansudski postupak, osobni se podaci mogu pohraniti do kraja takvog postupka, uklju\u010duju\u0107i i mogu\u0107e razdoblje za izjavljivanje pravnih lijekova.<\/span><\/p>\n<p><span style=\"font-weight: 400;\">Direct Booker d.o.o. jam\u010di da \u0107e \u010duvati i \u0161tititi sve podatke ustupljene od strane korisnika.<\/span><\/p>\n<div  style='height:30px' class='hr hr-invisible   avia-builder-el-3  el_after_av_hr  el_before_av_hr '><span class='hr-inner ' ><span class='hr-inner-style'><\/span><\/span><\/div>\n<h2><b>Va\u0161a prava<\/b><\/h2>\n<p><span style=\"font-weight: 400;\">Ako ste dali svoju privolu za bilo kakve aktivnosti obrade osobnih podataka, mo\u017eete ih u bilo kojem trenutku povu\u0107i. Takvo povla\u010denje ne\u0107e utjecati na zakonitost obrade na temelju privole prije njezina povla\u010denja.Va\u0161a prava su slijede\u0107a:<\/span><\/p>\n<ul>\n<li style=\"font-weight: 400;\" aria-level=\"1\"><b>Pravo na pristup:<\/b><span style=\"font-weight: 400;\"> imate pravo dobiti od nas potvrdu o tome obra\u0111uju li se va\u0161i osobni podaci, te ako se takvi osobni podaci obra\u0111uju, pristup osobnim podacima. Informacije o pristupu uklju\u010duju &#8211; izme\u0111u ostalog &#8211; svrhe obrade, kategorije osobnih podataka o kojima je rije\u010d, primatelje ili kategorije primatelja kojima su osobni podaci bili ili \u0107e biti otkriveni. Me\u0111utim, to nije bezuvjetno pravo i interesi drugih pojedinaca mogu ograni\u010diti va\u0161e pravo pristupa.<\/span><\/li>\n<li style=\"font-weight: 400;\" aria-level=\"1\"><span style=\"font-weight: 400;\">Imate pravo dobiti kopiju osobnih podataka koji se obra\u0111uju. Za daljnje kopije koje ste zatra\u017eili, mo\u017eemo naplatiti razumnu naknadu na temelju administrativnih tro\u0161kova.<\/span><\/li>\n<li style=\"font-weight: 400;\" aria-level=\"1\"><b>Pravo na ispravak:<\/b><span style=\"font-weight: 400;\"> Imate pravo ishoditi od nas ispravljanje va\u0161ih neto\u010dnih osobnih podataka. Uzimaju\u0107i u obzir svrhe obrade imate pravo dopuniti nepotpune osobne podatke, me\u0111u ostalim i davanjem dodatne izjave.<\/span><\/li>\n<li style=\"font-weight: 400;\" aria-level=\"1\"><b>Pravo na brisanje (&#8220;pravo na zaborav&#8221;):<\/b><span style=\"font-weight: 400;\"> Pod odre\u0111enim uvjetima, imate pravo ishoditi od nas brisanje va\u0161ih osobnih podataka i mi mo\u017eemo biti obvezni izbrisati takve osobne podatke.<\/span><\/li>\n<li style=\"font-weight: 400;\" aria-level=\"1\"><b>Pravo na ograni\u010denje obrade:<\/b><span style=\"font-weight: 400;\"> Pod odre\u0111enim uvjetima, imate pravo ishoditi od nas ograni\u010denje obrade va\u0161ih osobnih podataka. U tom \u0107e slu\u010daju odgovaraju\u0107i podaci biti ozna\u010deni i mogu biti obra\u0111eni samo u odre\u0111ene svrhe.<\/span><\/li>\n<li style=\"font-weight: 400;\" aria-level=\"1\"><b>Pravo na prigovor:<\/b><span style=\"font-weight: 400;\"> Pod odre\u0111enim uvjetima, imate pravo na prigovor u bilo kojem trenutku na obradu va\u0161ih osobnih podataka, iz razloga koji se odnose na va\u0161u konkretnu situaciju ili kada se osobni podaci obra\u0111uju u cilju izravnog marketinga te mo\u017eete tra\u017eiti od nas da vi\u0161e ne obra\u0111ujemo va\u0161e osobne podatke.<\/span><\/li>\n<li style=\"font-weight: 400;\" aria-level=\"1\"><b>Pravo na prenosivost podataka:<\/b><span style=\"font-weight: 400;\"> Pod odre\u0111enim uvjetima, imate pravo zaprimiti osobne podatke koji se odnose na vas, koje ste nam pru\u017eili u strukturiranom, uobi\u010dajeno upotrebljivom i strojno \u010ditljivom formatu i imate pravo prenijeti te podatke drugom voditelju obrade, bez na\u0161eg ometanja.<\/span><\/li>\n<\/ul>\n<h2><span style=\"font-size: 16px; font-weight: 400;\"><span style=\"font-weight: 400;\">Ako \u017eelite saznati vi\u0161e ili \u017eelite koristiti jedan ili vi\u0161e od gore navedenih prava, slobodno kontaktirajte Direct Booker d.o.o. na adresu <\/span><b>Direct booker d.o.o., (GDPR &#8211; odjel za za\u0161titu osobnih podataka), Vukovarska 9, 20000 Dubrovnik, Hrvatska<\/b><span style=\"font-weight: 400;\"> ili e-mail<\/span> <\/span><span style=\"font-size: 16px; color: #fb6b41;\"><a style=\"color: #fb6b41;\" href=\"mailto:dpo@direct-booker.com\"><span style=\"font-weight: 400;\">dpo@direct-booker.com<\/span><\/a><\/span><span style=\"font-size: 16px; font-weight: 400;\"> .<\/span><\/h2>\n<p><span style=\"font-weight: 400;\">Ako smatrate da se va\u0161a prava kr\u0161e tako\u0111er imate pravo podnijeti pritu\u017ebu nadle\u017enom nadzornom tijelu u vezi s obradom Va\u0161ih osobnih podataka.<\/span><\/p>\n<div  style='height:30px' class='hr hr-invisible   avia-builder-el-4  el_after_av_hr  avia-builder-el-last '><span class='hr-inner ' ><span class='hr-inner-style'><\/span><\/span><\/div>\n<h2><b>Promjene u Obavijesti o za\u0161titi privatnosti<\/b><\/h2>\n<p><span style=\"font-weight: 400;\">Zadr\u017eavamo pravo izmjene ili dopune Izjave o za\u0161titi privatnosti u bilo kojem trenutku. Obavijest o privatnosti izmijeni u bitnoj mjeri, izri\u010dito \u0107emo vas obavijestiti, na primjer putem e-po\u0161te.<\/span><\/p>\n<\/div><\/section><\/div>\n","protected":false},"excerpt":{"rendered":"","protected":false},"author":1,"featured_media":0,"parent":0,"menu_order":7,"comment_status":"closed","ping_status":"closed","template":"","meta":[],"_links":{"self":[{"href":"https:\/\/partners.direct-booker.com\/hr\/wp-json\/wp\/v2\/pages\/3976"}],"collection":[{"href":"https:\/\/partners.direct-booker.com\/hr\/wp-json\/wp\/v2\/pages"}],"about":[{"href":"https:\/\/partners.direct-booker.com\/hr\/wp-json\/wp\/v2\/types\/page"}],"author":[{"embeddable":true,"href":"https:\/\/partners.direct-booker.com\/hr\/wp-json\/wp\/v2\/users\/1"}],"replies":[{"embeddable":true,"href":"https:\/\/partners.direct-booker.com\/hr\/wp-json\/wp\/v2\/comments?post=3976"}],"version-history":[{"count":8,"href":"https:\/\/partners.direct-booker.com\/hr\/wp-json\/wp\/v2\/pages\/3976\/revisions"}],"predecessor-version":[{"id":4090,"href":"https:\/\/partners.direct-booker.com\/hr\/wp-json\/wp\/v2\/pages\/3976\/revisions\/4090"}],"wp:attachment":[{"href":"https:\/\/partners.direct-booker.com\/hr\/wp-json\/wp\/v2\/media?parent=3976"}],"curies":[{"name":"wp","href":"https:\/\/api.w.org\/{rel}","templated":true}]}}